{"id":224219,"date":"2021-11-04T12:56:06","date_gmt":"2021-11-04T12:56:06","guid":{"rendered":"https:\/\/viproxy.com\/viproxy-1touch-valvola-integrata-per-ossigenoterapia\/"},"modified":"2026-03-26T08:43:30","modified_gmt":"2026-03-26T08:43:30","slug":"viproxy-1touch-valvola-integrata-per-ossigenoterapia","status":"publish","type":"page","link":"https:\/\/viproxy.com\/it\/viproxy-1touch-valvola-integrata-per-ossigenoterapia\/","title":{"rendered":"Viproxy\u00ae 1Touch &#8211; valvola integrata per ossigenoterapia"},"content":{"rendered":"<p>[et_pb_section fb_built=&#8221;1&#8243; _builder_version=&#8221;4.16&#8243; _module_preset=&#8221;default&#8221; background_color=&#8221;#f7fafb&#8221; width=&#8221;100%&#8221; module_alignment=&#8221;center&#8221; global_colors_info=&#8221;{}&#8221;][et_pb_row column_structure=&#8221;1_2,1_2&#8243; _builder_version=&#8221;4.16&#8243; _module_preset=&#8221;default&#8221; max_width=&#8221;1170px&#8221; animation_direction=&#8221;bottom&#8221; global_colors_info=&#8221;{}&#8221;][et_pb_column type=&#8221;1_2&#8243; _builder_version=&#8221;4.16&#8243; _module_preset=&#8221;default&#8221; global_colors_info=&#8221;{}&#8221;][et_pb_text _builder_version=&#8221;4.16&#8243; text_font=&#8221;Montserrat|700|||||||&#8221; text_text_color=&#8221;#1e2428&#8243; text_font_size=&#8221;24px&#8221; text_letter_spacing=&#8221;-1px&#8221; text_line_height=&#8221;1em&#8221; header_font=&#8221;|700|||||||&#8221; custom_padding=&#8221;50px||||false|false&#8221; custom_padding_tablet=&#8221;0px||||false|false&#8221; custom_padding_phone=&#8221;0px||||false|false&#8221; custom_padding_last_edited=&#8221;on|tablet&#8221; animation_style=&#8221;slide&#8221; animation_direction=&#8221;bottom&#8221; animation_duration=&#8221;1400ms&#8221; animation_delay=&#8221;500ms&#8221; locked=&#8221;off&#8221; global_colors_info=&#8221;{}&#8221;]<\/p>\n<h1>Viproxy\u00ae 1touch<br \/>valvola integrata per ossigenoterapia<\/h1>\n<p>[\/et_pb_text][et_pb_text _builder_version=&#8221;4.16&#8243; _module_preset=&#8221;default&#8221; width_tablet=&#8221;95%&#8221; width_phone=&#8221;95%&#8221; width_last_edited=&#8221;on|tablet&#8221; animation_style=&#8221;slide&#8221; animation_direction=&#8221;bottom&#8221; animation_duration=&#8221;1400ms&#8221; animation_delay=&#8221;500ms&#8221; locked=&#8221;off&#8221; global_colors_info=&#8221;{}&#8221;]<\/p>\n<p class=\"p1\" style=\"text-align: justify;\">Viproxy\u00ae 1touch \u00e8 una v<b>alvola integrata per ossigenoterapia<\/b>. Infatti, il regolatore di ossigeno e la valvola di alimentazione del gas sono combinati come un unico sistema. Un selettore di flusso a bassa coppia di rotazione integra la funzione di apertura e chiusura della valvola. In questo modo basta <b>un solo movimento per azionare l&#8217;intero sistema, compresa la regolazione del flusso<\/b>. Questa pratica valvola medicale \u00e8 compatibile con diversi tipi di miscele: ossigeno, miscela di ossigeno e protossido di azoto, aria e miscela di ossigeno ed elio.<span class=\"Apple-converted-space\">\u00a0<\/span><\/p>\n<p>[\/et_pb_text][et_pb_divider color=&#8221;#3E96D5&#8243; divider_weight=&#8221;2px&#8221; _builder_version=&#8221;4.16&#8243; max_width=&#8221;70px&#8221; custom_margin=&#8221;24px||||false|false&#8221; custom_margin_tablet=&#8221;-10px||||false|false&#8221; custom_margin_phone=&#8221;-10px||||false|false&#8221; custom_margin_last_edited=&#8221;on|desktop&#8221; animation_style=&#8221;slide&#8221; animation_direction=&#8221;bottom&#8221; animation_duration=&#8221;1400ms&#8221; animation_delay=&#8221;500ms&#8221; locked=&#8221;off&#8221; global_colors_info=&#8221;{}&#8221;][\/et_pb_divider][et_pb_text disabled_on=&#8221;on|on|off&#8221; _builder_version=&#8221;4.16&#8243; _module_preset=&#8221;default&#8221; width_tablet=&#8221;95%&#8221; width_phone=&#8221;95%&#8221; width_last_edited=&#8221;on|tablet&#8221; animation_style=&#8221;slide&#8221; animation_direction=&#8221;bottom&#8221; animation_duration=&#8221;1400ms&#8221; animation_delay=&#8221;500ms&#8221; global_colors_info=&#8221;{}&#8221;]<\/p>\n<h2>Viproxy\u00ae 1touch semplifica la gestione della fornitura di ossigeno<\/h2>\n<p class=\"p1\" style=\"text-align: justify;\">Viproxy\u00ae 1touch \u00e8 completa di un <strong>cappellotto conforme alla norma ISO 11117, con gancio per letto ospedaliero integrato.<\/strong> Inoltre, \u00e8 possibile personalizzare la configurazione della valvola con 1 o 2 uscite, secondo le necessit\u00e0 e gli usi. Il peso totale della valvola con cappellotto montato \u00e8 di 1500 gr.<span class=\"Apple-converted-space\">\u00a0<\/span><\/p>\n<p>[\/et_pb_text][\/et_pb_column][et_pb_column type=&#8221;1_2&#8243; _builder_version=&#8221;4.16&#8243; _module_preset=&#8221;default&#8221; background_color=&#8221;#FFFFFF&#8221; global_colors_info=&#8221;{}&#8221;][et_pb_image src=&#8221;https:\/\/viproxy.com\/wp-content\/uploads\/2021\/10\/Viproxy-1touch-logo.jpg&#8221; alt=&#8221;Viproxy\u00ae 1Touch &#8211; valvola integrata per ossigenoterapia&#8221; title_text=&#8221;Viproxy\u00ae 1Touch &#8211; valvola integrata per ossigenoterapia&#8221; align=&#8221;center&#8221; _builder_version=&#8221;4.16&#8243; _module_preset=&#8221;default&#8221; width=&#8221;53%&#8221; custom_margin=&#8221;||0px|||&#8221; custom_padding=&#8221;25px||||false|false&#8221; animation_style=&#8221;slide&#8221; animation_direction=&#8221;bottom&#8221; animation_duration=&#8221;1400ms&#8221; animation_delay=&#8221;500ms&#8221; global_colors_info=&#8221;{}&#8221;][\/et_pb_image][et_pb_image src=&#8221;https:\/\/viproxy.com\/wp-content\/uploads\/2021\/10\/Viproxy-OneTouch_all-in-one-solution-for-oxygen-therapy.jpg&#8221; alt=&#8221;Viproxy\u00ae 1Touch &#8211; valvola integrata per ossigenoterapia&#8221; title_text=&#8221;Viproxy\u00ae 1Touch &#8211; valvola integrata per ossigenoterapia&#8221; _builder_version=&#8221;4.16&#8243; _module_preset=&#8221;default&#8221; background_color=&#8221;#FFFFFF&#8221; width=&#8221;79%&#8221; module_alignment=&#8221;center&#8221; animation_style=&#8221;slide&#8221; animation_direction=&#8221;bottom&#8221; animation_duration=&#8221;1300ms&#8221; animation_delay=&#8221;550ms&#8221; animation_intensity_slide=&#8221;10%&#8221; global_colors_info=&#8221;{}&#8221;][\/et_pb_image][\/et_pb_column][\/et_pb_row][et_pb_row disabled_on=&#8221;off|off|on&#8221; _builder_version=&#8221;4.16&#8243; _module_preset=&#8221;default&#8221; max_width=&#8221;1170px&#8221; animation_direction=&#8221;bottom&#8221; global_colors_info=&#8221;{}&#8221;][et_pb_column type=&#8221;4_4&#8243; _builder_version=&#8221;4.16&#8243; _module_preset=&#8221;default&#8221; global_colors_info=&#8221;{}&#8221;][et_pb_text _builder_version=&#8221;4.16&#8243; _module_preset=&#8221;default&#8221; width_tablet=&#8221;95%&#8221; width_phone=&#8221;95%&#8221; width_last_edited=&#8221;on|tablet&#8221; animation_style=&#8221;slide&#8221; animation_direction=&#8221;bottom&#8221; animation_duration=&#8221;1400ms&#8221; animation_delay=&#8221;500ms&#8221; global_colors_info=&#8221;{}&#8221;]<\/p>\n<h2>Viproxy\u00ae 1touch semplifica la gestione della fornitura di ossigeno<\/h2>\n<p class=\"p1\" style=\"text-align: justify;\">Viproxy\u00ae 1touch \u00e8 completa di un <strong>cappellotto conforme alla norma ISO 11117, con gancio per letto ospedaliero integrato.<\/strong> Inoltre, \u00e8 possibile personalizzare la configurazione della valvola con 1 o 2 uscite, secondo le necessit\u00e0 e gli usi. Il peso totale della valvola con cappellotto montato \u00e8 di 1500 gr.<span class=\"Apple-converted-space\">\u00a0<\/span><\/p>\n<p>[\/et_pb_text][\/et_pb_column][\/et_pb_row][et_pb_row column_structure=&#8221;1_2,1_2&#8243; _builder_version=&#8221;4.16&#8243; _module_preset=&#8221;default&#8221; max_width=&#8221;1170px&#8221; global_colors_info=&#8221;{}&#8221;][et_pb_column type=&#8221;1_2&#8243; _builder_version=&#8221;4.16&#8243; _module_preset=&#8221;default&#8221; global_colors_info=&#8221;{}&#8221;][et_pb_toggle title=&#8221;Viproxy\u00ae 1touch &#8211; caratteristiche tecniche:&#8221; open_toggle_background_color=&#8221;#FFFFFF&#8221; closed_toggle_background_color=&#8221;rgba(196,200,221,0.24)&#8221; icon_color=&#8221;#003063&#8243; open_icon_color=&#8221;#003063&#8243; _builder_version=&#8221;4.16&#8243; _module_preset=&#8221;default&#8221; title_level=&#8221;h2&#8243; title_font=&#8221;||||||||&#8221; title_font_size=&#8221;18px&#8221; custom_margin=&#8221;||18px|||&#8221; global_colors_info=&#8221;{}&#8221;]<\/p>\n<p class=\"p1\">Adatta ad una pressione massima di esercizio di 300 bar (4351 PSI), questa valvola per ossigeno \u00e8 testata e approvata in accordo alle normative EN ISO 10524-3. Inoltre \u00e8 marcata con marchio CE e \u03c0, secondo le Direttive Europee per Dispositivi Medici e Attrezzature a Pressione Trasportabili. \u00c8 anche MRI compatibile certificato fino a Tesla 3 e conforme al PILL test ASTM G175 (fino a 300 bar).<span class=\"Apple-converted-space\">\u00a0<\/span><\/p>\n<p>[\/et_pb_toggle][\/et_pb_column][et_pb_column type=&#8221;1_2&#8243; _builder_version=&#8221;4.16&#8243; _module_preset=&#8221;default&#8221; global_colors_info=&#8221;{}&#8221;][et_pb_toggle title=&#8221;Altre caratteristiche opzionali:&#8221; open_toggle_background_color=&#8221;#FFFFFF&#8221; closed_toggle_background_color=&#8221;rgba(196,200,221,0.24)&#8221; icon_color=&#8221;#003063&#8243; open_icon_color=&#8221;#003063&#8243; _builder_version=&#8221;4.16&#8243; _module_preset=&#8221;default&#8221; title_level=&#8221;h2&#8243; title_font=&#8221;||||||||&#8221; title_font_size=&#8221;18px&#8221; custom_margin=&#8221;||18px|||&#8221; global_colors_info=&#8221;{}&#8221;]<\/p>\n<ul>\n<li>\n<p class=\"p1\">Valvola di non ritorno nella porta di caricamento<\/p>\n<\/li>\n<li>\n<p class=\"p1\">Manometro non attivo<\/p>\n<\/li>\n<li>\n<p class=\"p1\">Connessione d&#8217;uscita per tubo 1\/4&#8243; e connessione ospedaliera rapida con pressione fissa a 4 bar<\/p>\n<\/li>\n<li>\n<p class=\"p1\">Dispositivo antiriempimento<\/p>\n<\/li>\n<li>\n<p class=\"p1\">Porta di riempimento con tappo di protezione<\/p>\n<\/li>\n<li>\n<p class=\"p1\">Disco di rottura<\/p>\n<\/li>\n<li>\n<p class=\"p1\">Valvola di eccesso di flusso<\/p>\n<\/li>\n<li>\n<p class=\"p1\">Filtro speciale<\/p>\n<\/li>\n<\/ul>\n<p>[\/et_pb_toggle][\/et_pb_column][\/et_pb_row][\/et_pb_section][et_pb_section fb_built=&#8221;1&#8243; module_class=&#8221;et-discount-popup&#8221; _builder_version=&#8221;4.16&#8243; _module_preset=&#8221;default&#8221; positioning=&#8221;fixed&#8221; position_origin_a=&#8221;top_right&#8221; position_origin_f=&#8221;bottom_right&#8221; position_origin_r=&#8221;top_right&#8221; vertical_offset_tablet=&#8221;&#8221; vertical_offset_phone=&#8221;&#8221; vertical_offset_last_edited=&#8221;on|phone&#8221; position_origin_a_tablet=&#8221;&#8221; position_origin_a_phone=&#8221;&#8221; position_origin_a_last_edited=&#8221;on|phone&#8221; position_origin_f_tablet=&#8221;bottom_center&#8221; position_origin_f_phone=&#8221;&#8221; position_origin_f_last_edited=&#8221;on|desktop&#8221; position_origin_r_tablet=&#8221;&#8221; position_origin_r_phone=&#8221;&#8221; position_origin_r_last_edited=&#8221;on|phone&#8221; width_tablet=&#8221;90%&#8221; width_phone=&#8221;86%&#8221; width_last_edited=&#8221;on|phone&#8221; max_width=&#8221;500px&#8221; max_width_tablet=&#8221;500px&#8221; max_width_phone=&#8221;500px&#8221; max_width_last_edited=&#8221;on|phone&#8221; height_last_edited=&#8221;off|phone&#8221; max_height_phone=&#8221;60vh&#8221; max_height_last_edited=&#8221;off|desktop&#8221; display_conditions=&#8221;W10=&#8221; custom_padding=&#8221;10px||10px||true|false&#8221; animation_style=&#8221;flip&#8221; animation_direction=&#8221;right&#8221; animation_delay=&#8221;3000ms&#8221; positioning_tablet=&#8221;&#8221; positioning_phone=&#8221;&#8221; positioning_last_edited=&#8221;on|phone&#8221; border_width_all=&#8221;15px&#8221; border_color_all=&#8221;#C4C8DD&#8221; box_shadow_style=&#8221;preset1&#8243; box_shadow_vertical=&#8221;0px&#8221; box_shadow_blur=&#8221;38px&#8221; box_shadow_color=&#8221;#C4C8DD&#8221; saved_tabs=&#8221;all&#8221; locked=&#8221;off&#8221; global_colors_info=&#8221;{}&#8221;][et_pb_row use_custom_gutter=&#8221;on&#8221; gutter_width=&#8221;1&#8243; _builder_version=&#8221;4.16&#8243; _module_preset=&#8221;default&#8221; positioning=&#8221;absolute&#8221; z_index=&#8221;12&#8243; width=&#8221;100%&#8221; custom_padding=&#8221;0px||0px||false|false&#8221; global_colors_info=&#8221;{}&#8221;][et_pb_column type=&#8221;4_4&#8243; _builder_version=&#8221;4.16&#8243; _module_preset=&#8221;default&#8221; global_colors_info=&#8221;{}&#8221;][et_pb_blurb use_icon=&#8221;on&#8221; font_icon=&#8221;&#x4d;||divi||400&#8243; icon_color=&#8221;#dddddd&#8221; image_icon_width=&#8221;40px&#8221; module_class=&#8221;et-close-popup-icon&#8221; _builder_version=&#8221;4.16&#8243; _module_preset=&#8221;default&#8221; width=&#8221;40px&#8221; module_alignment=&#8221;right&#8221; height=&#8221;40px&#8221; icon_font_size=&#8221;40px&#8221; global_colors_info=&#8221;{}&#8221; max_height__hover_enabled=&#8221;on|desktop&#8221;][\/et_pb_blurb][\/et_pb_column][\/et_pb_row][et_pb_row use_custom_gutter=&#8221;on&#8221; gutter_width=&#8221;1&#8243; custom_padding_last_edited=&#8221;on|phone&#8221; _builder_version=&#8221;4.16&#8243; _module_preset=&#8221;default&#8221; width=&#8221;100%&#8221; custom_padding=&#8221;0px|40px|20px|40px|false|false&#8221; custom_padding_tablet=&#8221;|20px||20px|false|true&#8221; custom_padding_phone=&#8221;|10px||10px|false|true&#8221; global_colors_info=&#8221;{}&#8221;][et_pb_column type=&#8221;4_4&#8243; _builder_version=&#8221;4.16&#8243; _module_preset=&#8221;default&#8221; global_colors_info=&#8221;{}&#8221;][et_pb_text _builder_version=&#8221;4.16&#8243; text_font=&#8221;Montserrat|500|||||||&#8221; text_font_size=&#8221;15px&#8221; text_line_height=&#8221;1.8em&#8221; header_2_font=&#8221;Cormorant Garamond|500|||||||&#8221; header_2_text_align=&#8221;center&#8221; header_2_text_color=&#8221;#0b1115&#8243; header_2_font_size=&#8221;54px&#8221; text_orientation=&#8221;center&#8221; custom_margin=&#8221;15px||15px||false|false&#8221; text_font_size_tablet=&#8221;&#8221; text_font_size_phone=&#8221;14px&#8221; text_font_size_last_edited=&#8221;on|phone&#8221; header_2_font_size_tablet=&#8221;38px&#8221; header_2_font_size_phone=&#8221;28px&#8221; header_2_font_size_last_edited=&#8221;on|desktop&#8221; locked=&#8221;off&#8221; global_colors_info=&#8221;{}&#8221;]<\/p>\n<p>In base alle <em>Nuove Linee guida della pubblicit\u00e0 sanitaria concernente i dispositivi medici, dispositivi medico-diagnostici in vitro e i presidi medico-chirurgici pubblicate<\/em> dal Ministero della Salute in data 28.03.2013, si avverte l\u2019utente che le informazioni contenute in questo sito sono rivolte esclusivamente agli operatori sanitari professionali, i quali possono accedere alle informazioni a loro discrezione e rischio, senza che sia fornita alcune garanzia in merito.<\/p>\n<p>[\/et_pb_text][et_pb_code _builder_version=&#8221;4.16&#8243; _module_preset=&#8221;default&#8221; global_colors_info=&#8221;{}&#8221;]<\/p>\n<style><!-- [et_pb_line_break_holder] -->  .et-close-popup-icon:hover {<!-- [et_pb_line_break_holder] -->    cursor: pointer;<!-- [et_pb_line_break_holder] -->  }<!-- [et_pb_line_break_holder] --><\/style>\n<p><!-- [et_pb_line_break_holder] --><!-- [et_pb_line_break_holder] --><script><!-- [et_pb_line_break_holder] -->(function ($) {<!-- [et_pb_line_break_holder] -->  $(document).ready(function () {<!-- [et_pb_line_break_holder] -->    $(\".et-close-popup-icon\").on(\"click\", function() {<!-- [et_pb_line_break_holder] -->      $(\".et-discount-popup\").slideUp(\"slow\");<!-- [et_pb_line_break_holder] -->    })<!-- [et_pb_line_break_holder] -->  });<!-- [et_pb_line_break_holder] -->})(jQuery);<!-- [et_pb_line_break_holder] --><\/script>[\/et_pb_code][\/et_pb_column][\/et_pb_row][\/et_pb_section]<\/p>\n","protected":false},"excerpt":{"rendered":"<p>Viproxy\u00ae 1touchvalvola integrata per ossigenoterapiaViproxy\u00ae 1touch \u00e8 una valvola integrata per ossigenoterapia. Infatti, il regolatore di ossigeno e la valvola di alimentazione del gas sono combinati come un unico sistema. Un selettore di flusso a bassa coppia di rotazione integra la funzione di apertura e chiusura della valvola. In questo modo basta un solo movimento [&hellip;]<\/p>\n","protected":false},"author":2,"featured_media":0,"parent":0,"menu_order":0,"comment_status":"closed","ping_status":"closed","template":"","meta":{"_et_pb_use_builder":"on","_et_pb_old_content":"","_et_gb_content_width":"","footnotes":""},"class_list":["post-224219","page","type-page","status-publish","hentry"],"yoast_head":"<!-- This site is optimized with the Yoast SEO plugin v27.0 - https:\/\/yoast.com\/product\/yoast-seo-wordpress\/ -->\n<title>Viproxy\u00ae 1Touch valvola per ossigenoterapia | Cavagna Group<\/title>\n<meta name=\"description\" content=\"Viproxy\u00ae\u00a01Touch \u00e8 la\u00a0valvola medicale integrata per ossigenoterapia che, con un solo movimento, permette di aprire la valvola e di regolare il flusso.\" \/>\n<meta name=\"robots\" content=\"index, follow, max-snippet:-1, max-image-preview:large, max-video-preview:-1\" \/>\n<link rel=\"canonical\" href=\"https:\/\/viproxy.com\/it\/viproxy-1touch-valvola-integrata-per-ossigenoterapia\/\" \/>\n<meta property=\"og:locale\" content=\"it_IT\" \/>\n<meta property=\"og:type\" content=\"article\" \/>\n<meta property=\"og:title\" content=\"Viproxy\u00ae 1Touch valvola per ossigenoterapia | Cavagna Group\" \/>\n<meta property=\"og:description\" content=\"Viproxy\u00ae\u00a01Touch \u00e8 la\u00a0valvola medicale integrata per ossigenoterapia che, con un solo movimento, permette di aprire la valvola e di regolare il flusso.\" \/>\n<meta property=\"og:url\" content=\"https:\/\/viproxy.com\/it\/viproxy-1touch-valvola-integrata-per-ossigenoterapia\/\" \/>\n<meta property=\"og:site_name\" content=\"Viproxy\u00ae\" \/>\n<meta property=\"article:modified_time\" content=\"2026-03-26T08:43:30+00:00\" \/>\n<meta name=\"twitter:card\" content=\"summary_large_image\" \/>\n<meta name=\"twitter:label1\" content=\"Tempo di lettura stimato\" \/>\n\t<meta name=\"twitter:data1\" content=\"7 minuti\" \/>\n<script type=\"application\/ld+json\" class=\"yoast-schema-graph\">{\"@context\":\"https:\/\/schema.org\",\"@graph\":[{\"@type\":\"WebPage\",\"@id\":\"https:\/\/viproxy.com\/it\/viproxy-1touch-valvola-integrata-per-ossigenoterapia\/\",\"url\":\"https:\/\/viproxy.com\/it\/viproxy-1touch-valvola-integrata-per-ossigenoterapia\/\",\"name\":\"Viproxy\u00ae 1Touch valvola per ossigenoterapia | Cavagna Group\",\"isPartOf\":{\"@id\":\"https:\/\/viproxy.com\/it\/#website\"},\"datePublished\":\"2021-11-04T12:56:06+00:00\",\"dateModified\":\"2026-03-26T08:43:30+00:00\",\"description\":\"Viproxy\u00ae\u00a01Touch \u00e8 la\u00a0valvola medicale integrata per ossigenoterapia che, con un solo movimento, permette di aprire la valvola e di regolare il flusso.\",\"breadcrumb\":{\"@id\":\"https:\/\/viproxy.com\/it\/viproxy-1touch-valvola-integrata-per-ossigenoterapia\/#breadcrumb\"},\"inLanguage\":\"it-IT\",\"potentialAction\":[{\"@type\":\"ReadAction\",\"target\":[\"https:\/\/viproxy.com\/it\/viproxy-1touch-valvola-integrata-per-ossigenoterapia\/\"]}]},{\"@type\":\"BreadcrumbList\",\"@id\":\"https:\/\/viproxy.com\/it\/viproxy-1touch-valvola-integrata-per-ossigenoterapia\/#breadcrumb\",\"itemListElement\":[{\"@type\":\"ListItem\",\"position\":1,\"name\":\"Home\",\"item\":\"https:\/\/viproxy.com\/it\/\"},{\"@type\":\"ListItem\",\"position\":2,\"name\":\"Viproxy\u00ae 1Touch &#8211; valvola integrata per ossigenoterapia\"}]},{\"@type\":\"WebSite\",\"@id\":\"https:\/\/viproxy.com\/it\/#website\",\"url\":\"https:\/\/viproxy.com\/it\/\",\"name\":\"Viproxy\u00ae\",\"description\":\"Gas valve for medical oxygen\",\"potentialAction\":[{\"@type\":\"SearchAction\",\"target\":{\"@type\":\"EntryPoint\",\"urlTemplate\":\"https:\/\/viproxy.com\/it\/?s={search_term_string}\"},\"query-input\":{\"@type\":\"PropertyValueSpecification\",\"valueRequired\":true,\"valueName\":\"search_term_string\"}}],\"inLanguage\":\"it-IT\"}]}<\/script>\n<!-- \/ Yoast SEO plugin. -->","yoast_head_json":{"title":"Viproxy\u00ae 1Touch valvola per ossigenoterapia | Cavagna Group","description":"Viproxy\u00ae\u00a01Touch \u00e8 la\u00a0valvola medicale integrata per ossigenoterapia che, con un solo movimento, permette di aprire la valvola e di regolare il flusso.","robots":{"index":"index","follow":"follow","max-snippet":"max-snippet:-1","max-image-preview":"max-image-preview:large","max-video-preview":"max-video-preview:-1"},"canonical":"https:\/\/viproxy.com\/it\/viproxy-1touch-valvola-integrata-per-ossigenoterapia\/","og_locale":"it_IT","og_type":"article","og_title":"Viproxy\u00ae 1Touch valvola per ossigenoterapia | Cavagna Group","og_description":"Viproxy\u00ae\u00a01Touch \u00e8 la\u00a0valvola medicale integrata per ossigenoterapia che, con un solo movimento, permette di aprire la valvola e di regolare il flusso.","og_url":"https:\/\/viproxy.com\/it\/viproxy-1touch-valvola-integrata-per-ossigenoterapia\/","og_site_name":"Viproxy\u00ae","article_modified_time":"2026-03-26T08:43:30+00:00","twitter_card":"summary_large_image","twitter_misc":{"Tempo di lettura stimato":"7 minuti"},"schema":{"@context":"https:\/\/schema.org","@graph":[{"@type":"WebPage","@id":"https:\/\/viproxy.com\/it\/viproxy-1touch-valvola-integrata-per-ossigenoterapia\/","url":"https:\/\/viproxy.com\/it\/viproxy-1touch-valvola-integrata-per-ossigenoterapia\/","name":"Viproxy\u00ae 1Touch valvola per ossigenoterapia | Cavagna Group","isPartOf":{"@id":"https:\/\/viproxy.com\/it\/#website"},"datePublished":"2021-11-04T12:56:06+00:00","dateModified":"2026-03-26T08:43:30+00:00","description":"Viproxy\u00ae\u00a01Touch \u00e8 la\u00a0valvola medicale integrata per ossigenoterapia che, con un solo movimento, permette di aprire la valvola e di regolare il flusso.","breadcrumb":{"@id":"https:\/\/viproxy.com\/it\/viproxy-1touch-valvola-integrata-per-ossigenoterapia\/#breadcrumb"},"inLanguage":"it-IT","potentialAction":[{"@type":"ReadAction","target":["https:\/\/viproxy.com\/it\/viproxy-1touch-valvola-integrata-per-ossigenoterapia\/"]}]},{"@type":"BreadcrumbList","@id":"https:\/\/viproxy.com\/it\/viproxy-1touch-valvola-integrata-per-ossigenoterapia\/#breadcrumb","itemListElement":[{"@type":"ListItem","position":1,"name":"Home","item":"https:\/\/viproxy.com\/it\/"},{"@type":"ListItem","position":2,"name":"Viproxy\u00ae 1Touch &#8211; valvola integrata per ossigenoterapia"}]},{"@type":"WebSite","@id":"https:\/\/viproxy.com\/it\/#website","url":"https:\/\/viproxy.com\/it\/","name":"Viproxy\u00ae","description":"Gas valve for medical oxygen","potentialAction":[{"@type":"SearchAction","target":{"@type":"EntryPoint","urlTemplate":"https:\/\/viproxy.com\/it\/?s={search_term_string}"},"query-input":{"@type":"PropertyValueSpecification","valueRequired":true,"valueName":"search_term_string"}}],"inLanguage":"it-IT"}]}},"jetpack_sharing_enabled":true,"_links":{"self":[{"href":"https:\/\/viproxy.com\/it\/wp-json\/wp\/v2\/pages\/224219","targetHints":{"allow":["GET"]}}],"collection":[{"href":"https:\/\/viproxy.com\/it\/wp-json\/wp\/v2\/pages"}],"about":[{"href":"https:\/\/viproxy.com\/it\/wp-json\/wp\/v2\/types\/page"}],"author":[{"embeddable":true,"href":"https:\/\/viproxy.com\/it\/wp-json\/wp\/v2\/users\/2"}],"replies":[{"embeddable":true,"href":"https:\/\/viproxy.com\/it\/wp-json\/wp\/v2\/comments?post=224219"}],"version-history":[{"count":0,"href":"https:\/\/viproxy.com\/it\/wp-json\/wp\/v2\/pages\/224219\/revisions"}],"wp:attachment":[{"href":"https:\/\/viproxy.com\/it\/wp-json\/wp\/v2\/media?parent=224219"}],"curies":[{"name":"wp","href":"https:\/\/api.w.org\/{rel}","templated":true}]}}