{"id":224221,"date":"2021-11-04T13:09:26","date_gmt":"2021-11-04T13:09:26","guid":{"rendered":"https:\/\/viproxy.com\/viproxy-valvola-integrata\/"},"modified":"2021-11-10T11:56:49","modified_gmt":"2021-11-10T11:56:49","slug":"viproxy-valvola-integrata","status":"publish","type":"page","link":"https:\/\/viproxy.com\/it\/viproxy-valvola-integrata\/","title":{"rendered":"Viproxy\u00ae &#8211; valvola integrata"},"content":{"rendered":"<p>[et_pb_section fb_built=&#8221;1&#8243; _builder_version=&#8221;4.11.1&#8243; _module_preset=&#8221;default&#8221; background_color=&#8221;#f7fafb&#8221; width=&#8221;100%&#8221; module_alignment=&#8221;center&#8221; global_colors_info=&#8221;{}&#8221;][et_pb_row column_structure=&#8221;1_2,1_2&#8243; _builder_version=&#8221;4.11.1&#8243; _module_preset=&#8221;default&#8221; max_width=&#8221;1170px&#8221; animation_direction=&#8221;bottom&#8221; global_colors_info=&#8221;{}&#8221;][et_pb_column type=&#8221;1_2&#8243; _builder_version=&#8221;4.11.1&#8243; _module_preset=&#8221;default&#8221; global_colors_info=&#8221;{}&#8221;][et_pb_text _builder_version=&#8221;4.13.0&#8243; text_font=&#8221;Montserrat|700|||||||&#8221; text_text_color=&#8221;#1e2428&#8243; text_font_size=&#8221;24px&#8221; text_letter_spacing=&#8221;-1px&#8221; text_line_height=&#8221;1em&#8221; header_font=&#8221;|700|||||||&#8221; custom_padding=&#8221;50px||||false|false&#8221; animation_style=&#8221;slide&#8221; animation_direction=&#8221;bottom&#8221; animation_duration=&#8221;1400ms&#8221; animation_delay=&#8221;500ms&#8221; hover_enabled=&#8221;0&#8243; locked=&#8221;off&#8221; global_colors_info=&#8221;{}&#8221; custom_padding_last_edited=&#8221;on|tablet&#8221; sticky_enabled=&#8221;0&#8243; custom_padding_tablet=&#8221;0px||||false|false&#8221; custom_padding_phone=&#8221;0px||||false|false&#8221;]<\/p>\n<h1>Viproxy\u00ae<br \/>valvola medicale per ossigeno<\/h1>\n<p>[\/et_pb_text][et_pb_text _builder_version=&#8221;4.11.1&#8243; _module_preset=&#8221;default&#8221; width_tablet=&#8221;95%&#8221; width_phone=&#8221;95%&#8221; width_last_edited=&#8221;on|tablet&#8221; animation_style=&#8221;slide&#8221; animation_direction=&#8221;bottom&#8221; animation_duration=&#8221;1400ms&#8221; animation_delay=&#8221;500ms&#8221; locked=&#8221;off&#8221; global_colors_info=&#8221;{}&#8221;]<\/p>\n<p class=\"p1\" style=\"text-align: justify;\"><span class=\"Apple-converted-space\">Viproxy\u00ae \u00e8 <strong>la prima valvola per ossigeno medicale della linea Viproxy\u00ae di Cavagna Group.<\/strong> Il suo design compatto incorpora in un unico <span>Dispositivo<\/span> la valvola di chiusura e il regolatore di pressione, il che significa <strong>semplicit\u00e0<\/strong> e <strong>rapidit\u00e0 di utilizzo.<\/strong> \u00c8 inoltre completa di un selettore di flusso per impostare le varie portate di gas in uscita a pressione controllata (litri\/minuto).<\/span><\/p>\n<p>[\/et_pb_text][et_pb_divider color=&#8221;#3E96D5&#8243; divider_weight=&#8221;2px&#8221; _builder_version=&#8221;4.11.1&#8243; max_width=&#8221;70px&#8221; custom_margin=&#8221;24px||||false|false&#8221; custom_margin_tablet=&#8221;-10px||||false|false&#8221; custom_margin_phone=&#8221;-10px||||false|false&#8221; custom_margin_last_edited=&#8221;on|desktop&#8221; animation_style=&#8221;slide&#8221; animation_direction=&#8221;bottom&#8221; animation_duration=&#8221;1400ms&#8221; animation_delay=&#8221;500ms&#8221; locked=&#8221;off&#8221; global_colors_info=&#8221;{}&#8221;][\/et_pb_divider][et_pb_text _builder_version=&#8221;4.13.0&#8243; _module_preset=&#8221;default&#8221; width_tablet=&#8221;95%&#8221; width_phone=&#8221;95%&#8221; width_last_edited=&#8221;on|tablet&#8221; animation_style=&#8221;slide&#8221; animation_direction=&#8221;bottom&#8221; animation_duration=&#8221;1400ms&#8221; animation_delay=&#8221;500ms&#8221; hover_enabled=&#8221;0&#8243; global_colors_info=&#8221;{}&#8221; disabled_on=&#8221;on|on|off&#8221; sticky_enabled=&#8221;0&#8243;]<\/p>\n<h2><strong>Convenienza e sicurezza<\/strong><\/h2>\n<p class=\"p1\" style=\"text-align: justify;\">Grazie a Viproxy\u00ae, le bombole di ossigeno possono essere utilizzate ovunque, con la massima comodit\u00e0 e sicurezza. Infatti, il sistema integrato \u00e8 estremamente sicuro, poich\u00e9 impedisce totalmente il contatto con il gas ad alta pressione. Questo \u00e8 un problema costante con le valvole convenzionali, dove il regolatore di pressione separato deve essere preventivamente abilitato per evitare perdite di gas compresso.<\/p>\n<p>[\/et_pb_text][\/et_pb_column][et_pb_column type=&#8221;1_2&#8243; _builder_version=&#8221;4.11.1&#8243; _module_preset=&#8221;default&#8221; background_color=&#8221;#FFFFFF&#8221; global_colors_info=&#8221;{}&#8221;][et_pb_image src=&#8221;https:\/\/viproxy.com\/wp-content\/uploads\/2021\/10\/Viproxy-logo_500.jpg&#8221; alt=&#8221;Viproxy\u00ae &#8211; valvola medicale per ossigeno&#8221; title_text=&#8221;Viproxy\u00ae &#8211; valvola medicale per ossigeno&#8221; align=&#8221;center&#8221; _builder_version=&#8221;4.11.1&#8243; _module_preset=&#8221;default&#8221; width=&#8221;53%&#8221; custom_margin=&#8221;||0px|||&#8221; custom_padding=&#8221;25px||||false|false&#8221; animation_style=&#8221;slide&#8221; animation_direction=&#8221;bottom&#8221; animation_duration=&#8221;1400ms&#8221; animation_delay=&#8221;500ms&#8221; global_colors_info=&#8221;{}&#8221;][\/et_pb_image][et_pb_image src=&#8221;https:\/\/viproxy.com\/wp-content\/uploads\/2021\/10\/Viproxy_gas-valves-for-medical-oxygen.jpg&#8221; alt=&#8221;Viproxy\u00ae &#8211; valvola medicale per ossigeno&#8221; title_text=&#8221;Viproxy\u00ae &#8211; valvola medicale per ossigeno&#8221; _builder_version=&#8221;4.11.1&#8243; _module_preset=&#8221;default&#8221; background_color=&#8221;#FFFFFF&#8221; width=&#8221;79%&#8221; module_alignment=&#8221;center&#8221; animation_style=&#8221;slide&#8221; animation_direction=&#8221;bottom&#8221; animation_duration=&#8221;1300ms&#8221; animation_delay=&#8221;550ms&#8221; animation_intensity_slide=&#8221;10%&#8221; global_colors_info=&#8221;{}&#8221;][\/et_pb_image][\/et_pb_column][\/et_pb_row][et_pb_row _builder_version=&#8221;4.13.0&#8243; _module_preset=&#8221;default&#8221; max_width=&#8221;1170px&#8221; animation_direction=&#8221;bottom&#8221; hover_enabled=&#8221;0&#8243; global_colors_info=&#8221;{}&#8221; disabled_on=&#8221;off|off|on&#8221; sticky_enabled=&#8221;0&#8243;][et_pb_column type=&#8221;4_4&#8243; _builder_version=&#8221;4.11.1&#8243; _module_preset=&#8221;default&#8221; global_colors_info=&#8221;{}&#8221;][et_pb_text _builder_version=&#8221;4.11.1&#8243; _module_preset=&#8221;default&#8221; width_tablet=&#8221;95%&#8221; width_phone=&#8221;95%&#8221; width_last_edited=&#8221;on|tablet&#8221; animation_style=&#8221;slide&#8221; animation_direction=&#8221;bottom&#8221; animation_duration=&#8221;1400ms&#8221; animation_delay=&#8221;500ms&#8221; global_colors_info=&#8221;{}&#8221;]<\/p>\n<h2><strong>Convenienza e sicurezza<\/strong><\/h2>\n<p class=\"p1\" style=\"text-align: justify;\">Grazie a Viproxy\u00ae, le bombole di ossigeno possono essere utilizzate ovunque, con la massima comodit\u00e0 e sicurezza. Infatti, il sistema integrato \u00e8 estremamente sicuro, poich\u00e9 impedisce totalmente il contatto con il gas ad alta pressione. Questo \u00e8 un problema costante con le valvole convenzionali, dove il regolatore di pressione separato deve essere preventivamente abilitato per evitare perdite di gas compresso.<\/p>\n<p>[\/et_pb_text][\/et_pb_column][\/et_pb_row][et_pb_row column_structure=&#8221;1_2,1_2&#8243; _builder_version=&#8221;4.11.1&#8243; _module_preset=&#8221;default&#8221; max_width=&#8221;1170px&#8221; global_colors_info=&#8221;{}&#8221;][et_pb_column type=&#8221;1_2&#8243; _builder_version=&#8221;4.11.1&#8243; _module_preset=&#8221;default&#8221; global_colors_info=&#8221;{}&#8221;][et_pb_toggle title=&#8221;Viproxy\u00ae &#8211; caratteristiche principali&#8221; open_toggle_background_color=&#8221;#FFFFFF&#8221; closed_toggle_background_color=&#8221;rgba(196,200,221,0.24)&#8221; icon_color=&#8221;#003063&#8243; open_icon_color=&#8221;#003063&#8243; _builder_version=&#8221;4.13.0&#8243; _module_preset=&#8221;default&#8221; title_level=&#8221;h2&#8243; title_font=&#8221;||||||||&#8221; title_font_size=&#8221;18px&#8221; custom_margin=&#8221;||18px|||&#8221; global_colors_info=&#8221;{}&#8221;]<\/p>\n<p class=\"p1\" style=\"text-align: justify;\">Il sistema integrato Viproxy\u00ae \u00e8 stato progettato per essere efficiente e sicuro in tutte le situazioni. Soddisfa anche i requisiti sanitari pi\u00f9 severi, con la sua pressione massima di esercizio di 300 bar, il dispositivo di pressione positiva integrato e il manometro attivo con quadrante fluorescente. <br \/>\u00c8 conforme a tutti gli standard di qualit\u00e0 e sicurezza riconosciuti a livello internazionale:<\/p>\n<ul>\n<li>\n<p class=\"p1\">EN ISO 10524-3;<\/p>\n<\/li>\n<li>\n<p class=\"p1\">Marcata CE e \u03c0;<\/p>\n<\/li>\n<li>\n<p class=\"p1\">MRI compatibile fino a 3 Tesla;<\/p>\n<\/li>\n<li>\n<p class=\"p1\">PILL test e ASTM G175 test.<\/p>\n<\/li>\n<\/ul>\n<p>[\/et_pb_toggle][\/et_pb_column][et_pb_column type=&#8221;1_2&#8243; _builder_version=&#8221;4.11.1&#8243; _module_preset=&#8221;default&#8221; global_colors_info=&#8221;{}&#8221;][et_pb_toggle title=&#8221;Altre caratteristiche opzionali ne esaltano la facilit\u00e0 di utilizzo:&#8221; open_toggle_background_color=&#8221;#FFFFFF&#8221; closed_toggle_background_color=&#8221;rgba(196,200,221,0.24)&#8221; icon_color=&#8221;#003063&#8243; open_icon_color=&#8221;#003063&#8243; _builder_version=&#8221;4.13.0&#8243; _module_preset=&#8221;default&#8221; title_level=&#8221;h2&#8243; title_font=&#8221;||||||||&#8221; title_font_size=&#8221;18px&#8221; custom_margin=&#8221;||18px|||&#8221; global_colors_info=&#8221;{}&#8221;]<\/p>\n<ul>\n<li>Gancio per letto ospedaliero<\/li>\n<li>Diverse tipologie di cappellotto<\/li>\n<li>Manometro non attivo<\/li>\n<li>Dispositivo antiriempimento e antisvuotamento con filtro sinterizzato integrato nella connessione di riempimento<\/li>\n<li>Disco di rottura<\/li>\n<li>Valvola di eccesso di flusso<\/li>\n<\/ul>\n<p>[\/et_pb_toggle][\/et_pb_column][\/et_pb_row][\/et_pb_section][et_pb_section fb_built=&#8221;1&#8243; module_class=&#8221;et-discount-popup&#8221; _builder_version=&#8221;4.11.1&#8243; _module_preset=&#8221;default&#8221; positioning=&#8221;fixed&#8221; position_origin_a=&#8221;top_right&#8221; position_origin_f=&#8221;bottom_right&#8221; position_origin_r=&#8221;top_right&#8221; vertical_offset_tablet=&#8221;&#8221; vertical_offset_phone=&#8221;&#8221; vertical_offset_last_edited=&#8221;on|phone&#8221; position_origin_a_tablet=&#8221;&#8221; position_origin_a_phone=&#8221;&#8221; position_origin_a_last_edited=&#8221;on|phone&#8221; position_origin_f_tablet=&#8221;bottom_center&#8221; position_origin_f_phone=&#8221;&#8221; position_origin_f_last_edited=&#8221;on|desktop&#8221; position_origin_r_tablet=&#8221;&#8221; position_origin_r_phone=&#8221;&#8221; position_origin_r_last_edited=&#8221;on|phone&#8221; width_tablet=&#8221;90%&#8221; width_phone=&#8221;86%&#8221; width_last_edited=&#8221;on|phone&#8221; max_width=&#8221;500px&#8221; height_last_edited=&#8221;off|phone&#8221; max_height_phone=&#8221;60vh&#8221; max_height_last_edited=&#8221;off|desktop&#8221; display_conditions=&#8221;W10=&#8221; custom_padding=&#8221;10px||10px||true|false&#8221; animation_style=&#8221;flip&#8221; animation_direction=&#8221;right&#8221; animation_delay=&#8221;3000ms&#8221; positioning_tablet=&#8221;&#8221; positioning_phone=&#8221;&#8221; positioning_last_edited=&#8221;on|phone&#8221; border_width_all=&#8221;15px&#8221; border_color_all=&#8221;#C4C8DD&#8221; box_shadow_style=&#8221;preset1&#8243; box_shadow_vertical=&#8221;0px&#8221; box_shadow_blur=&#8221;38px&#8221; box_shadow_color=&#8221;#C4C8DD&#8221; global_module=&#8221;224261&#8243; saved_tabs=&#8221;all&#8221; locked=&#8221;off&#8221; global_colors_info=&#8221;{}&#8221;][et_pb_row use_custom_gutter=&#8221;on&#8221; gutter_width=&#8221;1&#8243; _builder_version=&#8221;4.11.1&#8243; _module_preset=&#8221;default&#8221; positioning=&#8221;absolute&#8221; z_index=&#8221;12&#8243; width=&#8221;100%&#8221; custom_padding=&#8221;0px||0px||false|false&#8221; global_colors_info=&#8221;{}&#8221;][et_pb_column type=&#8221;4_4&#8243; _builder_version=&#8221;4.11.1&#8243; _module_preset=&#8221;default&#8221; global_colors_info=&#8221;{}&#8221;][et_pb_blurb use_icon=&#8221;on&#8221; font_icon=&#8221;&#x4d;||divi||400&#8243; icon_color=&#8221;#dddddd&#8221; image_icon_width=&#8221;40px&#8221; module_class=&#8221;et-close-popup-icon&#8221; _builder_version=&#8221;4.13.0&#8243; _module_preset=&#8221;default&#8221; width=&#8221;40px&#8221; module_alignment=&#8221;right&#8221; height=&#8221;40px&#8221; icon_font_size=&#8221;40px&#8221; global_colors_info=&#8221;{}&#8221; max_height__hover_enabled=&#8221;on|desktop&#8221;][\/et_pb_blurb][\/et_pb_column][\/et_pb_row][et_pb_row use_custom_gutter=&#8221;on&#8221; gutter_width=&#8221;1&#8243; _builder_version=&#8221;4.11.1&#8243; _module_preset=&#8221;default&#8221; width=&#8221;100%&#8221; custom_padding=&#8221;0px|40px|20px|40px|false|false&#8221; global_colors_info=&#8221;{}&#8221;][et_pb_column type=&#8221;4_4&#8243; _builder_version=&#8221;4.11.1&#8243; _module_preset=&#8221;default&#8221; global_colors_info=&#8221;{}&#8221;][et_pb_text _builder_version=&#8221;4.11.1&#8243; text_font=&#8221;Montserrat|500|||||||&#8221; text_font_size=&#8221;15px&#8221; text_line_height=&#8221;1.8em&#8221; header_2_font=&#8221;Cormorant Garamond|500|||||||&#8221; header_2_text_align=&#8221;center&#8221; header_2_text_color=&#8221;#0b1115&#8243; header_2_font_size=&#8221;54px&#8221; text_orientation=&#8221;center&#8221; custom_margin=&#8221;15px||15px||false|false&#8221; text_font_size_tablet=&#8221;&#8221; text_font_size_phone=&#8221;14px&#8221; text_font_size_last_edited=&#8221;on|phone&#8221; header_2_font_size_tablet=&#8221;38px&#8221; header_2_font_size_phone=&#8221;28px&#8221; header_2_font_size_last_edited=&#8221;on|desktop&#8221; locked=&#8221;off&#8221; global_colors_info=&#8221;{}&#8221;]<\/p>\n<p>In base alle <em>Nuove Linee guida della pubblicit\u00e0 sanitaria concernente i dispositivi medici, dispositivi medico-diagnostici in vitro e i presidi medico-chirurgici pubblicate<\/em> dal Ministero della Salute in data 28.03.2013, si avverte l\u2019utente che le informazioni contenute in questo sito sono rivolte esclusivamente agli operatori sanitari professionali, i quali possono accedere alle informazioni a loro discrezione e rischio, senza che sia fornita alcune garanzia in merito.<\/p>\n<p>[\/et_pb_text][et_pb_code _builder_version=&#8221;4.11.1&#8243; _module_preset=&#8221;default&#8221; global_colors_info=&#8221;{}&#8221;]<pee>\n<style><!-- [et_pb_line_break_holder] -->  .et-close-popup-icon:hover {<!-- [et_pb_line_break_holder] -->    cursor: pointer;<!-- [et_pb_line_break_holder] -->  }<!-- [et_pb_line_break_holder] --><\/style>\n<\/pee><!-- [et_pb_line_break_holder] --><!-- [et_pb_line_break_holder] --><!-- [et_pb_line_break_holder] --><!-- [et_pb_line_break_holder] --><pee><script><!-- [et_pb_line_break_holder] -->(function ($) {<!-- [et_pb_line_break_holder] -->  $(document).ready(function () {<!-- [et_pb_line_break_holder] -->    $(\".et-close-popup-icon\").on(\"click\", function() {<!-- [et_pb_line_break_holder] -->      $(\".et-discount-popup\").slideUp(\"slow\");<!-- [et_pb_line_break_holder] -->    })<!-- [et_pb_line_break_holder] -->  });<!-- [et_pb_line_break_holder] -->})(jQuery);<!-- [et_pb_line_break_holder] --><\/script><\/pee>[\/et_pb_code][\/et_pb_column][\/et_pb_row][\/et_pb_section]<\/p>\n","protected":false},"excerpt":{"rendered":"<p>Viproxy\u00aevalvola medicale per ossigenoViproxy\u00ae \u00e8 la prima valvola per ossigeno medicale della linea Viproxy\u00ae di Cavagna Group. Il suo design compatto incorpora in un unico Dispositivo la valvola di chiusura e il regolatore di pressione, il che significa semplicit\u00e0 e rapidit\u00e0 di utilizzo. \u00c8 inoltre completa di un selettore di flusso per impostare le varie [&hellip;]<\/p>\n","protected":false},"author":2,"featured_media":0,"parent":0,"menu_order":0,"comment_status":"closed","ping_status":"closed","template":"","meta":{"_et_pb_use_builder":"on","_et_pb_old_content":"","_et_gb_content_width":"","footnotes":""},"class_list":["post-224221","page","type-page","status-publish","hentry"],"yoast_head":"<!-- This site is optimized with the Yoast SEO plugin v27.0 - https:\/\/yoast.com\/product\/yoast-seo-wordpress\/ -->\n<title>Viproxy\u00ae - valvola medicale per ossigeno | Cavagna Group<\/title>\n<meta name=\"description\" content=\"Viproxy\u00ae\u00a0\u00e8\u00a0la prima\u00a0valvola integrata\u00a0per\u00a0ossigenoterapia\u00a0di Cavagna Group.Comoda e sicura, garantisce al paziente rapidit\u00e0 di utilizzo ovunque si trovi.\" \/>\n<meta name=\"robots\" content=\"index, follow, max-snippet:-1, max-image-preview:large, max-video-preview:-1\" \/>\n<link rel=\"canonical\" href=\"https:\/\/viproxy.com\/it\/viproxy-valvola-integrata\/\" \/>\n<meta property=\"og:locale\" content=\"it_IT\" \/>\n<meta property=\"og:type\" content=\"article\" \/>\n<meta property=\"og:title\" content=\"Viproxy\u00ae - valvola medicale per ossigeno | Cavagna Group\" \/>\n<meta property=\"og:description\" content=\"Viproxy\u00ae\u00a0\u00e8\u00a0la prima\u00a0valvola integrata\u00a0per\u00a0ossigenoterapia\u00a0di Cavagna Group.Comoda e sicura, garantisce al paziente rapidit\u00e0 di utilizzo ovunque si trovi.\" \/>\n<meta property=\"og:url\" content=\"https:\/\/viproxy.com\/it\/viproxy-valvola-integrata\/\" \/>\n<meta property=\"og:site_name\" content=\"Viproxy\u00ae\" \/>\n<meta property=\"article:modified_time\" content=\"2021-11-10T11:56:49+00:00\" \/>\n<meta name=\"twitter:card\" content=\"summary_large_image\" \/>\n<meta name=\"twitter:label1\" content=\"Tempo di lettura stimato\" \/>\n\t<meta name=\"twitter:data1\" content=\"7 minuti\" \/>\n<script type=\"application\/ld+json\" class=\"yoast-schema-graph\">{\"@context\":\"https:\/\/schema.org\",\"@graph\":[{\"@type\":\"WebPage\",\"@id\":\"https:\/\/viproxy.com\/it\/viproxy-valvola-integrata\/\",\"url\":\"https:\/\/viproxy.com\/it\/viproxy-valvola-integrata\/\",\"name\":\"Viproxy\u00ae - valvola medicale per ossigeno | Cavagna Group\",\"isPartOf\":{\"@id\":\"https:\/\/viproxy.com\/it\/#website\"},\"datePublished\":\"2021-11-04T13:09:26+00:00\",\"dateModified\":\"2021-11-10T11:56:49+00:00\",\"description\":\"Viproxy\u00ae\u00a0\u00e8\u00a0la prima\u00a0valvola integrata\u00a0per\u00a0ossigenoterapia\u00a0di Cavagna Group.Comoda e sicura, garantisce al paziente rapidit\u00e0 di utilizzo ovunque si trovi.\",\"breadcrumb\":{\"@id\":\"https:\/\/viproxy.com\/it\/viproxy-valvola-integrata\/#breadcrumb\"},\"inLanguage\":\"it-IT\",\"potentialAction\":[{\"@type\":\"ReadAction\",\"target\":[\"https:\/\/viproxy.com\/it\/viproxy-valvola-integrata\/\"]}]},{\"@type\":\"BreadcrumbList\",\"@id\":\"https:\/\/viproxy.com\/it\/viproxy-valvola-integrata\/#breadcrumb\",\"itemListElement\":[{\"@type\":\"ListItem\",\"position\":1,\"name\":\"Home\",\"item\":\"https:\/\/viproxy.com\/it\/\"},{\"@type\":\"ListItem\",\"position\":2,\"name\":\"Viproxy\u00ae &#8211; valvola integrata\"}]},{\"@type\":\"WebSite\",\"@id\":\"https:\/\/viproxy.com\/it\/#website\",\"url\":\"https:\/\/viproxy.com\/it\/\",\"name\":\"Viproxy\u00ae\",\"description\":\"Gas valve for medical oxygen\",\"potentialAction\":[{\"@type\":\"SearchAction\",\"target\":{\"@type\":\"EntryPoint\",\"urlTemplate\":\"https:\/\/viproxy.com\/it\/?s={search_term_string}\"},\"query-input\":{\"@type\":\"PropertyValueSpecification\",\"valueRequired\":true,\"valueName\":\"search_term_string\"}}],\"inLanguage\":\"it-IT\"}]}<\/script>\n<!-- \/ Yoast SEO plugin. -->","yoast_head_json":{"title":"Viproxy\u00ae - valvola medicale per ossigeno | Cavagna Group","description":"Viproxy\u00ae\u00a0\u00e8\u00a0la prima\u00a0valvola integrata\u00a0per\u00a0ossigenoterapia\u00a0di Cavagna Group.Comoda e sicura, garantisce al paziente rapidit\u00e0 di utilizzo ovunque si trovi.","robots":{"index":"index","follow":"follow","max-snippet":"max-snippet:-1","max-image-preview":"max-image-preview:large","max-video-preview":"max-video-preview:-1"},"canonical":"https:\/\/viproxy.com\/it\/viproxy-valvola-integrata\/","og_locale":"it_IT","og_type":"article","og_title":"Viproxy\u00ae - valvola medicale per ossigeno | Cavagna Group","og_description":"Viproxy\u00ae\u00a0\u00e8\u00a0la prima\u00a0valvola integrata\u00a0per\u00a0ossigenoterapia\u00a0di Cavagna Group.Comoda e sicura, garantisce al paziente rapidit\u00e0 di utilizzo ovunque si trovi.","og_url":"https:\/\/viproxy.com\/it\/viproxy-valvola-integrata\/","og_site_name":"Viproxy\u00ae","article_modified_time":"2021-11-10T11:56:49+00:00","twitter_card":"summary_large_image","twitter_misc":{"Tempo di lettura stimato":"7 minuti"},"schema":{"@context":"https:\/\/schema.org","@graph":[{"@type":"WebPage","@id":"https:\/\/viproxy.com\/it\/viproxy-valvola-integrata\/","url":"https:\/\/viproxy.com\/it\/viproxy-valvola-integrata\/","name":"Viproxy\u00ae - valvola medicale per ossigeno | Cavagna Group","isPartOf":{"@id":"https:\/\/viproxy.com\/it\/#website"},"datePublished":"2021-11-04T13:09:26+00:00","dateModified":"2021-11-10T11:56:49+00:00","description":"Viproxy\u00ae\u00a0\u00e8\u00a0la prima\u00a0valvola integrata\u00a0per\u00a0ossigenoterapia\u00a0di Cavagna Group.Comoda e sicura, garantisce al paziente rapidit\u00e0 di utilizzo ovunque si trovi.","breadcrumb":{"@id":"https:\/\/viproxy.com\/it\/viproxy-valvola-integrata\/#breadcrumb"},"inLanguage":"it-IT","potentialAction":[{"@type":"ReadAction","target":["https:\/\/viproxy.com\/it\/viproxy-valvola-integrata\/"]}]},{"@type":"BreadcrumbList","@id":"https:\/\/viproxy.com\/it\/viproxy-valvola-integrata\/#breadcrumb","itemListElement":[{"@type":"ListItem","position":1,"name":"Home","item":"https:\/\/viproxy.com\/it\/"},{"@type":"ListItem","position":2,"name":"Viproxy\u00ae &#8211; valvola integrata"}]},{"@type":"WebSite","@id":"https:\/\/viproxy.com\/it\/#website","url":"https:\/\/viproxy.com\/it\/","name":"Viproxy\u00ae","description":"Gas valve for medical oxygen","potentialAction":[{"@type":"SearchAction","target":{"@type":"EntryPoint","urlTemplate":"https:\/\/viproxy.com\/it\/?s={search_term_string}"},"query-input":{"@type":"PropertyValueSpecification","valueRequired":true,"valueName":"search_term_string"}}],"inLanguage":"it-IT"}]}},"jetpack_sharing_enabled":true,"_links":{"self":[{"href":"https:\/\/viproxy.com\/it\/wp-json\/wp\/v2\/pages\/224221","targetHints":{"allow":["GET"]}}],"collection":[{"href":"https:\/\/viproxy.com\/it\/wp-json\/wp\/v2\/pages"}],"about":[{"href":"https:\/\/viproxy.com\/it\/wp-json\/wp\/v2\/types\/page"}],"author":[{"embeddable":true,"href":"https:\/\/viproxy.com\/it\/wp-json\/wp\/v2\/users\/2"}],"replies":[{"embeddable":true,"href":"https:\/\/viproxy.com\/it\/wp-json\/wp\/v2\/comments?post=224221"}],"version-history":[{"count":0,"href":"https:\/\/viproxy.com\/it\/wp-json\/wp\/v2\/pages\/224221\/revisions"}],"wp:attachment":[{"href":"https:\/\/viproxy.com\/it\/wp-json\/wp\/v2\/media?parent=224221"}],"curies":[{"name":"wp","href":"https:\/\/api.w.org\/{rel}","templated":true}]}}